{"id":17459,"date":"2023-01-23T15:01:50","date_gmt":"2023-01-23T18:01:50","guid":{"rendered":"https:\/\/kamiana.srtv.cl\/?page_id=17459"},"modified":"2023-04-11T09:02:00","modified_gmt":"2023-04-11T13:02:00","slug":"quienes-somos","status":"publish","type":"page","link":"https:\/\/dremac.cl\/index.php\/quienes-somos\/","title":{"rendered":"\u00bfQUIENES SOMOS?"},"content":{"rendered":"<section class=\"l-section wpb_row height_custom\"><div class=\"l-section-h i-cf\"><div class=\"g-cols vc_row via_flex valign_top type_default stacking_default\"><div class=\"vc_col-sm-6 wpb_column vc_column_container\"><div class=\"vc_column-inner\"><div class=\"wpb_wrapper\"><div class=\"wpb_text_column us_custom_432d3f53\"><div class=\"wpb_wrapper\"><p>En Dremac ofrecemos arriendo de plataformas para trabajos en altura, Para diversos sectores como la construcci\u00f3n, miner\u00eda, industria, comercio, salud entre otros.<\/p>\n<p>con una visi\u00f3n innovadora en el mercado con amplias expectativas de crecimiento, por ello considera a sus proveedores, subcontratistas, clientes y dem\u00e1s grupos de inter\u00e9s, como grandes aliados para optimizar la calidad de sus proyectos.<\/p>\n<p>Brindamos soluciones integrales para los diferentes sectores de actividad y sus necesidades, prestando un servicio de calidad y seguridad.<\/p>\n<\/div><\/div><\/div><\/div><\/div><div class=\"vc_col-sm-6 wpb_column vc_column_container\"><div class=\"vc_column-inner\"><div class=\"wpb_wrapper\"><div class=\"w-separator size_medium\"><\/div><div class=\"w-image align_center us_animate_fade\"><div class=\"w-image-h\"><img decoding=\"async\" width=\"1024\" height=\"209\" src=\"https:\/\/dremac.cl\/wp-content\/uploads\/2023\/04\/DREMAC-1-1024x209.png\" class=\"attachment-large size-large\" alt=\"\" loading=\"lazy\" srcset=\"https:\/\/dremac.cl\/wp-content\/uploads\/2023\/04\/DREMAC-1-1024x209.png 1024w, https:\/\/dremac.cl\/wp-content\/uploads\/2023\/04\/DREMAC-1-300x61.png 300w, https:\/\/dremac.cl\/wp-content\/uploads\/2023\/04\/DREMAC-1-1536x313.png 1536w, https:\/\/dremac.cl\/wp-content\/uploads\/2023\/04\/DREMAC-1-600x122.png 600w, https:\/\/dremac.cl\/wp-content\/uploads\/2023\/04\/DREMAC-1.png 2000w\" sizes=\"auto, (max-width: 1024px) 100vw, 1024px\" \/><\/div><\/div><\/div><\/div><\/div><\/div><\/div><\/section>\n","protected":false},"excerpt":{"rendered":"En Dremac ofrecemos arriendo de plataformas para trabajos en altura, Para diversos sectores como la construcci\u00f3n, miner\u00eda, industria, comercio, salud entre otros. con una visi\u00f3n innovadora en el mercado con amplias expectativas de crecimiento, por ello considera a sus proveedores, subcontratistas, clientes y dem\u00e1s grupos de inter\u00e9s, como grandes aliados para optimizar la calidad de...","protected":false},"author":7,"featured_media":0,"parent":0,"menu_order":0,"comment_status":"closed","ping_status":"closed","template":"","meta":{"_acf_changed":false,"footnotes":""},"class_list":["post-17459","page","type-page","status-publish","hentry"],"acf":[],"_links":{"self":[{"href":"https:\/\/dremac.cl\/index.php\/wp-json\/wp\/v2\/pages\/17459","targetHints":{"allow":["GET"]}}],"collection":[{"href":"https:\/\/dremac.cl\/index.php\/wp-json\/wp\/v2\/pages"}],"about":[{"href":"https:\/\/dremac.cl\/index.php\/wp-json\/wp\/v2\/types\/page"}],"author":[{"embeddable":true,"href":"https:\/\/dremac.cl\/index.php\/wp-json\/wp\/v2\/users\/7"}],"replies":[{"embeddable":true,"href":"https:\/\/dremac.cl\/index.php\/wp-json\/wp\/v2\/comments?post=17459"}],"version-history":[{"count":9,"href":"https:\/\/dremac.cl\/index.php\/wp-json\/wp\/v2\/pages\/17459\/revisions"}],"predecessor-version":[{"id":18710,"href":"https:\/\/dremac.cl\/index.php\/wp-json\/wp\/v2\/pages\/17459\/revisions\/18710"}],"wp:attachment":[{"href":"https:\/\/dremac.cl\/index.php\/wp-json\/wp\/v2\/media?parent=17459"}],"curies":[{"name":"wp","href":"https:\/\/api.w.org\/{rel}","templated":true}]}}